{"id":69,"date":"2025-02-18T20:34:45","date_gmt":"2025-02-18T17:34:45","guid":{"rendered":"https:\/\/www.facesurgerist.com\/?page_id=69"},"modified":"2025-05-06T02:41:12","modified_gmt":"2025-05-05T23:41:12","slug":"iletisim","status":"publish","type":"page","link":"https:\/\/www.facesurgerist.com\/goz-kapagi\/iletisim\/","title":{"rendered":"KAYIT"},"content":{"rendered":"\n<div class=\"wp-block-columns is-layout-flex wp-container-core-columns-is-layout-9d6595d7 wp-block-columns-is-layout-flex\">\n<div class=\"wp-block-column is-layout-flow wp-block-column-is-layout-flow\">\n<h5 class=\"wp-block-heading\">Toplant\u0131 sadece 40 kis\u0327ilik s\u0131n\u0131rl\u0131 bir kat\u0131l\u0131mc\u0131 ile yap\u0131lacakt\u0131r.<br><br>\u0130LET\u0130\u015e\u0130M<br>Toplant\u0131 Koordinat\u00f6r\u00fc:<\/h5>\n\n\n\n<p>0 541 622 30 60<br>info@facesurgerist.com<br>Harbiye Mah. Mim Kemal \u00d6ke Cad. No: 6\/5 Kat:2 \u015ei\u015fli, \u0130stanbul\u00a034367<\/p>\n<\/div>\n\n\n\n<div class=\"wp-block-column is-layout-flow wp-block-column-is-layout-flow\">\n<div class=\"wpcf7 no-js\" id=\"wpcf7-f15-o1\" lang=\"tr-TR\" dir=\"ltr\" data-wpcf7-id=\"15\">\n<div class=\"screen-reader-response\"><p role=\"status\" aria-live=\"polite\" aria-atomic=\"true\"><\/p> <ul><\/ul><\/div>\n<form action=\"\/goz-kapagi\/wp-json\/wp\/v2\/pages\/69#wpcf7-f15-o1\" method=\"post\" class=\"wpcf7-form init\" aria-label=\"\u0130leti\u015fim Formu\" novalidate=\"novalidate\" data-status=\"init\">\n<fieldset class=\"hidden-fields-container\"><input type=\"hidden\" name=\"_wpcf7\" value=\"15\" \/><input type=\"hidden\" name=\"_wpcf7_version\" value=\"6.1.5\" \/><input type=\"hidden\" name=\"_wpcf7_locale\" value=\"tr_TR\" \/><input type=\"hidden\" name=\"_wpcf7_unit_tag\" value=\"wpcf7-f15-o1\" \/><input type=\"hidden\" name=\"_wpcf7_container_post\" value=\"0\" \/><input type=\"hidden\" name=\"_wpcf7_posted_data_hash\" value=\"\" \/>\n<\/fieldset>\n<p><label> Ad Soyad<br \/>\n<span class=\"wpcf7-form-control-wrap\" data-name=\"your-name\"><input size=\"40\" maxlength=\"400\" class=\"wpcf7-form-control wpcf7-text wpcf7-validates-as-required\" aria-required=\"true\" aria-invalid=\"false\" value=\"\" type=\"text\" name=\"your-name\" \/><\/span> <\/label>\n<\/p>\n<p><label> T.C. Kimlik No<br \/>\n<span class=\"wpcf7-form-control-wrap\" data-name=\"text-270\"><input size=\"40\" maxlength=\"400\" class=\"wpcf7-form-control wpcf7-text wpcf7-validates-as-required\" aria-required=\"true\" aria-invalid=\"false\" value=\"\" type=\"text\" name=\"text-270\" \/><\/span> <\/label>\n<\/p>\n<p><label> Telefon<br \/>\n<span class=\"wpcf7-form-control-wrap\" data-name=\"tel-54\"><input size=\"40\" maxlength=\"400\" class=\"wpcf7-form-control wpcf7-tel wpcf7-validates-as-required wpcf7-text wpcf7-validates-as-tel\" aria-required=\"true\" aria-invalid=\"false\" value=\"\" type=\"tel\" name=\"tel-54\" \/><\/span> <\/label>\n<\/p>\n<p><label> E-Mail<br \/>\n<span class=\"wpcf7-form-control-wrap\" data-name=\"your-email\"><input size=\"40\" maxlength=\"400\" class=\"wpcf7-form-control wpcf7-email wpcf7-validates-as-required wpcf7-text wpcf7-validates-as-email\" aria-required=\"true\" aria-invalid=\"false\" value=\"\" type=\"email\" name=\"your-email\" \/><\/span> <\/label>\n<\/p>\n<p><label> Adres<br \/>\n<span class=\"wpcf7-form-control-wrap\" data-name=\"text-94\"><input size=\"40\" maxlength=\"400\" class=\"wpcf7-form-control wpcf7-text wpcf7-validates-as-required\" aria-required=\"true\" aria-invalid=\"false\" value=\"\" type=\"text\" name=\"text-94\" \/><\/span> <\/label>\n<\/p>\n<p><label> \u015eehir<br \/>\n<span class=\"wpcf7-form-control-wrap\" data-name=\"text-18\"><input size=\"40\" maxlength=\"400\" class=\"wpcf7-form-control wpcf7-text wpcf7-validates-as-required\" aria-required=\"true\" aria-invalid=\"false\" value=\"\" type=\"text\" name=\"text-18\" \/><\/span> <\/label>\n<\/p>\n<p><input class=\"wpcf7-form-control wpcf7-submit has-spinner\" type=\"submit\" value=\"Kay\u0131t Ol\" \/>\n<\/p><div class=\"wpcf7-response-output\" aria-hidden=\"true\"><\/div>\n<\/form>\n<\/div>\n\n<\/div>\n<\/div>\n","protected":false},"excerpt":{"rendered":"<p>Toplant\u0131 sadece 40 kis\u0327ilik s\u0131n\u0131rl\u0131 bir kat\u0131l\u0131mc\u0131 ile yap\u0131lacakt\u0131r. \u0130LET\u0130\u015e\u0130MToplant\u0131 Koordinat\u00f6r\u00fc: 0 541 622 30 60info@facesurgerist.comHarbiye Mah. Mim Kemal \u00d6ke Cad. No: 6\/5 Kat:2 \u015ei\u015fli, \u0130stanbul\u00a034367<\/p>\n","protected":false},"author":1,"featured_media":0,"parent":0,"menu_order":0,"comment_status":"closed","ping_status":"closed","template":"","meta":{"footnotes":""},"class_list":["post-69","page","type-page","status-publish","hentry"],"yoast_head":"<!-- This site is optimized with the Yoast SEO plugin v27.2 - https:\/\/yoast.com\/product\/yoast-seo-wordpress\/ -->\n<title>Kay\u0131t | 31 May\u0131s-1 Haziran G\u00f6z Kapa\u011f\u0131 Esteti\u011fi Toplant\u0131s\u0131 - Facesurgerist<\/title>\n<meta name=\"robots\" content=\"index, follow, max-snippet:-1, max-image-preview:large, max-video-preview:-1\" \/>\n<link rel=\"canonical\" href=\"https:\/\/www.facesurgerist.com\/goz-kapagi\/iletisim\/\" \/>\n<meta property=\"og:locale\" content=\"tr_TR\" \/>\n<meta property=\"og:type\" content=\"article\" \/>\n<meta property=\"og:title\" content=\"Kay\u0131t | 31 May\u0131s-1 Haziran G\u00f6z Kapa\u011f\u0131 Esteti\u011fi Toplant\u0131s\u0131 - Facesurgerist\" \/>\n<meta property=\"og:description\" content=\"Toplant\u0131 sadece 40 kis\u0327ilik s\u0131n\u0131rl\u0131 bir kat\u0131l\u0131mc\u0131 ile yap\u0131lacakt\u0131r. \u0130LET\u0130\u015e\u0130MToplant\u0131 Koordinat\u00f6r\u00fc: 0 541 622 30 60info@facesurgerist.comHarbiye Mah. Mim Kemal \u00d6ke Cad. No: 6\/5 Kat:2 \u015ei\u015fli, \u0130stanbul\u00a034367\" \/>\n<meta property=\"og:url\" content=\"https:\/\/www.facesurgerist.com\/goz-kapagi\/iletisim\/\" \/>\n<meta property=\"og:site_name\" content=\"31 May\u0131s-1 Haziran G\u00f6z Kapa\u011f\u0131 Esteti\u011fi Toplant\u0131s\u0131 - Facesurgerist\" \/>\n<meta property=\"article:modified_time\" content=\"2025-05-05T23:41:12+00:00\" \/>\n<meta name=\"twitter:card\" content=\"summary_large_image\" \/>\n<script type=\"application\/ld+json\" class=\"yoast-schema-graph\">{\"@context\":\"https:\/\/schema.org\",\"@graph\":[{\"@type\":\"WebPage\",\"@id\":\"https:\/\/www.facesurgerist.com\/goz-kapagi\/iletisim\/\",\"url\":\"https:\/\/www.facesurgerist.com\/goz-kapagi\/iletisim\/\",\"name\":\"Kay\u0131t | 31 May\u0131s-1 Haziran G\u00f6z Kapa\u011f\u0131 Esteti\u011fi Toplant\u0131s\u0131 - Facesurgerist\",\"isPartOf\":{\"@id\":\"https:\/\/www.facesurgerist.com\/goz-kapagi\/#website\"},\"datePublished\":\"2025-02-18T17:34:45+00:00\",\"dateModified\":\"2025-05-05T23:41:12+00:00\",\"breadcrumb\":{\"@id\":\"https:\/\/www.facesurgerist.com\/goz-kapagi\/iletisim\/#breadcrumb\"},\"inLanguage\":\"tr\",\"potentialAction\":[{\"@type\":\"ReadAction\",\"target\":[\"https:\/\/www.facesurgerist.com\/goz-kapagi\/iletisim\/\"]}]},{\"@type\":\"BreadcrumbList\",\"@id\":\"https:\/\/www.facesurgerist.com\/goz-kapagi\/iletisim\/#breadcrumb\",\"itemListElement\":[{\"@type\":\"ListItem\",\"position\":1,\"name\":\"Anasayfa\",\"item\":\"https:\/\/www.facesurgerist.com\/goz-kapagi\/\"},{\"@type\":\"ListItem\",\"position\":2,\"name\":\"KAYIT\"}]},{\"@type\":\"WebSite\",\"@id\":\"https:\/\/www.facesurgerist.com\/goz-kapagi\/#website\",\"url\":\"https:\/\/www.facesurgerist.com\/goz-kapagi\/\",\"name\":\"Facesurgerist\",\"description\":\"\",\"publisher\":{\"@id\":\"https:\/\/www.facesurgerist.com\/goz-kapagi\/#organization\"},\"potentialAction\":[{\"@type\":\"SearchAction\",\"target\":{\"@type\":\"EntryPoint\",\"urlTemplate\":\"https:\/\/www.facesurgerist.com\/goz-kapagi\/?s={search_term_string}\"},\"query-input\":{\"@type\":\"PropertyValueSpecification\",\"valueRequired\":true,\"valueName\":\"search_term_string\"}}],\"inLanguage\":\"tr\"},{\"@type\":\"Organization\",\"@id\":\"https:\/\/www.facesurgerist.com\/goz-kapagi\/#organization\",\"name\":\"Facesurgerist\",\"url\":\"https:\/\/www.facesurgerist.com\/goz-kapagi\/\",\"logo\":{\"@type\":\"ImageObject\",\"inLanguage\":\"tr\",\"@id\":\"https:\/\/www.facesurgerist.com\/goz-kapagi\/#\/schema\/logo\/image\/\",\"url\":\"https:\/\/www.facesurgerist.com\/goz-kapagi\/wp-content\/uploads\/2025\/02\/facesurgeristlogo1.png\",\"contentUrl\":\"https:\/\/www.facesurgerist.com\/goz-kapagi\/wp-content\/uploads\/2025\/02\/facesurgeristlogo1.png\",\"width\":242,\"height\":80,\"caption\":\"Facesurgerist\"},\"image\":{\"@id\":\"https:\/\/www.facesurgerist.com\/goz-kapagi\/#\/schema\/logo\/image\/\"}}]}<\/script>\n<!-- \/ Yoast SEO plugin. -->","yoast_head_json":{"title":"Kay\u0131t | 31 May\u0131s-1 Haziran G\u00f6z Kapa\u011f\u0131 Esteti\u011fi Toplant\u0131s\u0131 - Facesurgerist","robots":{"index":"index","follow":"follow","max-snippet":"max-snippet:-1","max-image-preview":"max-image-preview:large","max-video-preview":"max-video-preview:-1"},"canonical":"https:\/\/www.facesurgerist.com\/goz-kapagi\/iletisim\/","og_locale":"tr_TR","og_type":"article","og_title":"Kay\u0131t | 31 May\u0131s-1 Haziran G\u00f6z Kapa\u011f\u0131 Esteti\u011fi Toplant\u0131s\u0131 - Facesurgerist","og_description":"Toplant\u0131 sadece 40 kis\u0327ilik s\u0131n\u0131rl\u0131 bir kat\u0131l\u0131mc\u0131 ile yap\u0131lacakt\u0131r. \u0130LET\u0130\u015e\u0130MToplant\u0131 Koordinat\u00f6r\u00fc: 0 541 622 30 60info@facesurgerist.comHarbiye Mah. Mim Kemal \u00d6ke Cad. No: 6\/5 Kat:2 \u015ei\u015fli, \u0130stanbul\u00a034367","og_url":"https:\/\/www.facesurgerist.com\/goz-kapagi\/iletisim\/","og_site_name":"31 May\u0131s-1 Haziran G\u00f6z Kapa\u011f\u0131 Esteti\u011fi Toplant\u0131s\u0131 - Facesurgerist","article_modified_time":"2025-05-05T23:41:12+00:00","twitter_card":"summary_large_image","schema":{"@context":"https:\/\/schema.org","@graph":[{"@type":"WebPage","@id":"https:\/\/www.facesurgerist.com\/goz-kapagi\/iletisim\/","url":"https:\/\/www.facesurgerist.com\/goz-kapagi\/iletisim\/","name":"Kay\u0131t | 31 May\u0131s-1 Haziran G\u00f6z Kapa\u011f\u0131 Esteti\u011fi Toplant\u0131s\u0131 - Facesurgerist","isPartOf":{"@id":"https:\/\/www.facesurgerist.com\/goz-kapagi\/#website"},"datePublished":"2025-02-18T17:34:45+00:00","dateModified":"2025-05-05T23:41:12+00:00","breadcrumb":{"@id":"https:\/\/www.facesurgerist.com\/goz-kapagi\/iletisim\/#breadcrumb"},"inLanguage":"tr","potentialAction":[{"@type":"ReadAction","target":["https:\/\/www.facesurgerist.com\/goz-kapagi\/iletisim\/"]}]},{"@type":"BreadcrumbList","@id":"https:\/\/www.facesurgerist.com\/goz-kapagi\/iletisim\/#breadcrumb","itemListElement":[{"@type":"ListItem","position":1,"name":"Anasayfa","item":"https:\/\/www.facesurgerist.com\/goz-kapagi\/"},{"@type":"ListItem","position":2,"name":"KAYIT"}]},{"@type":"WebSite","@id":"https:\/\/www.facesurgerist.com\/goz-kapagi\/#website","url":"https:\/\/www.facesurgerist.com\/goz-kapagi\/","name":"Facesurgerist","description":"","publisher":{"@id":"https:\/\/www.facesurgerist.com\/goz-kapagi\/#organization"},"potentialAction":[{"@type":"SearchAction","target":{"@type":"EntryPoint","urlTemplate":"https:\/\/www.facesurgerist.com\/goz-kapagi\/?s={search_term_string}"},"query-input":{"@type":"PropertyValueSpecification","valueRequired":true,"valueName":"search_term_string"}}],"inLanguage":"tr"},{"@type":"Organization","@id":"https:\/\/www.facesurgerist.com\/goz-kapagi\/#organization","name":"Facesurgerist","url":"https:\/\/www.facesurgerist.com\/goz-kapagi\/","logo":{"@type":"ImageObject","inLanguage":"tr","@id":"https:\/\/www.facesurgerist.com\/goz-kapagi\/#\/schema\/logo\/image\/","url":"https:\/\/www.facesurgerist.com\/goz-kapagi\/wp-content\/uploads\/2025\/02\/facesurgeristlogo1.png","contentUrl":"https:\/\/www.facesurgerist.com\/goz-kapagi\/wp-content\/uploads\/2025\/02\/facesurgeristlogo1.png","width":242,"height":80,"caption":"Facesurgerist"},"image":{"@id":"https:\/\/www.facesurgerist.com\/goz-kapagi\/#\/schema\/logo\/image\/"}}]}},"_links":{"self":[{"href":"https:\/\/www.facesurgerist.com\/goz-kapagi\/wp-json\/wp\/v2\/pages\/69","targetHints":{"allow":["GET"]}}],"collection":[{"href":"https:\/\/www.facesurgerist.com\/goz-kapagi\/wp-json\/wp\/v2\/pages"}],"about":[{"href":"https:\/\/www.facesurgerist.com\/goz-kapagi\/wp-json\/wp\/v2\/types\/page"}],"author":[{"embeddable":true,"href":"https:\/\/www.facesurgerist.com\/goz-kapagi\/wp-json\/wp\/v2\/users\/1"}],"replies":[{"embeddable":true,"href":"https:\/\/www.facesurgerist.com\/goz-kapagi\/wp-json\/wp\/v2\/comments?post=69"}],"version-history":[{"count":17,"href":"https:\/\/www.facesurgerist.com\/goz-kapagi\/wp-json\/wp\/v2\/pages\/69\/revisions"}],"predecessor-version":[{"id":1139,"href":"https:\/\/www.facesurgerist.com\/goz-kapagi\/wp-json\/wp\/v2\/pages\/69\/revisions\/1139"}],"wp:attachment":[{"href":"https:\/\/www.facesurgerist.com\/goz-kapagi\/wp-json\/wp\/v2\/media?parent=69"}],"curies":[{"name":"wp","href":"https:\/\/api.w.org\/{rel}","templated":true}]}}