{"id":64,"date":"2025-02-18T20:32:43","date_gmt":"2025-02-18T17:32:43","guid":{"rendered":"https:\/\/www.facesurgerist.com\/?page_id=64"},"modified":"2025-03-31T03:01:46","modified_gmt":"2025-03-31T00:01:46","slug":"bilimsel-program","status":"publish","type":"page","link":"https:\/\/www.facesurgerist.com\/goz-kapagi\/bilimsel-program\/","title":{"rendered":"B\u0130L\u0130MSEL PROGRAM"},"content":{"rendered":"\n<div data-widget-id=\"1\" id=\"wps-widget--team-1\" style=\"visibility: hidden; opacity: 0\" class=\"wps-container wps-widget wps-widget--team wps-team-theme--square-01 wps-team--type-grid wps-team-card-action--single-page wps-team--social-hover-up wps-team--thumbnail-shad\">\n    \n    \n    <div class=\"wps-container--inner\">\n\n                \n        \n            <div class=\"wps-row\">\n\n                \n                                \n                    <div class=\"wps-col wps-widget--item wps-widget--item-1082\">\n                        <div class=\"wpspeedo-team--single\">\n                            <div class=\"wps-team--single-inner\">\n                                \n                                <div class=\"team-member--thumbnail-wrapper wps-team--member-element\"><div class=\"team-member--thumbnail\"><a href=\"https:\/\/www.facesurgerist.com\/goz-kapagi\/konusmaci\/gurkan-kayabasoglu\/\" class=\"wpspeedo-team--url\" aria-label=\"Read More about G\u00fcrkan Kayaba\u015fo\u011flu.\"><img loading=\"lazy\" decoding=\"async\" width=\"1707\" height=\"2560\" src=\"https:\/\/www.facesurgerist.com\/goz-kapagi\/wp-content\/uploads\/2025\/02\/1V9A4590-min-scaled.jpg\" class=\"attachment- size- wp-post-image\" alt=\"\" srcset=\"https:\/\/www.facesurgerist.com\/goz-kapagi\/wp-content\/uploads\/2025\/02\/1V9A4590-min-scaled.jpg 1707w, https:\/\/www.facesurgerist.com\/goz-kapagi\/wp-content\/uploads\/2025\/02\/1V9A4590-min-200x300.jpg 200w, https:\/\/www.facesurgerist.com\/goz-kapagi\/wp-content\/uploads\/2025\/02\/1V9A4590-min-683x1024.jpg 683w, https:\/\/www.facesurgerist.com\/goz-kapagi\/wp-content\/uploads\/2025\/02\/1V9A4590-min-768x1152.jpg 768w, https:\/\/www.facesurgerist.com\/goz-kapagi\/wp-content\/uploads\/2025\/02\/1V9A4590-min-1024x1536.jpg 1024w, https:\/\/www.facesurgerist.com\/goz-kapagi\/wp-content\/uploads\/2025\/02\/1V9A4590-min-1365x2048.jpg 1365w\" sizes=\"auto, (max-width: 1707px) 100vw, 1707px\" \/><\/a><\/div><\/div><h3 class=\"wps-team--member-title wps-team--member-element team-member--link\"><a href=\"https:\/\/www.facesurgerist.com\/goz-kapagi\/konusmaci\/gurkan-kayabasoglu\/\" class=\"wpspeedo-team--url\">G\u00fcrkan Kayaba\u015fo\u011flu<\/a><\/h3><h4 class=\"wps-team--member-desig wps-team--member-element\">Prof. Dr.<\/h4><div class=\"wps-team--divider-wrapper wps-team--member-element\"><div class=\"wps-team--divider\"><\/div><\/div><div class=\"wps-team--member-s-links wps-team--member-element\">\n\t\t\t<ul class=\"wps--social-links wps-si--shape-circle wps-si--b-bg-color wps-si--b-bg-color--hover wps-si--b-br-color wps-si--b-br-color--hover\">\n\t\t\t\t<li class=\"wps-si--instagram\">\n\t\t\t\t\t<a href=\"https:\/\/www.instagram.com\/gurkankayabasoglu\/\" aria-label=\"Social Link\" rel=\"nofollow noopener noreferrer\" target=\"_blank\"><i class=\"fab fa-instagram\"><\/i><\/a>\n\t\t\t\t<\/li>\t\t\t<\/ul>\n\n\t\t<\/div>\n                            <\/div>\n                        <\/div>\n                    <\/div>\n\n                    \n                \n                                \n                    <div class=\"wps-col wps-widget--item wps-widget--item-1084\">\n                        <div class=\"wpspeedo-team--single\">\n                            <div class=\"wps-team--single-inner\">\n                                \n                                <div class=\"team-member--thumbnail-wrapper wps-team--member-element\"><div class=\"team-member--thumbnail\"><a href=\"https:\/\/www.facesurgerist.com\/goz-kapagi\/konusmaci\/oguzhan-oguz\/\" class=\"wpspeedo-team--url\" aria-label=\"Read More about O\u011fuzhan O\u011fuz.\"><img loading=\"lazy\" decoding=\"async\" width=\"914\" height=\"923\" src=\"https:\/\/www.facesurgerist.com\/goz-kapagi\/wp-content\/uploads\/2025\/02\/op-dr-oguzhan-oguz7.jpg\" class=\"attachment- size- wp-post-image\" alt=\"Op. Dr. O\u011fuzhan O\u011fuz\" srcset=\"https:\/\/www.facesurgerist.com\/goz-kapagi\/wp-content\/uploads\/2025\/02\/op-dr-oguzhan-oguz7.jpg 914w, https:\/\/www.facesurgerist.com\/goz-kapagi\/wp-content\/uploads\/2025\/02\/op-dr-oguzhan-oguz7-297x300.jpg 297w, https:\/\/www.facesurgerist.com\/goz-kapagi\/wp-content\/uploads\/2025\/02\/op-dr-oguzhan-oguz7-150x150.jpg 150w, https:\/\/www.facesurgerist.com\/goz-kapagi\/wp-content\/uploads\/2025\/02\/op-dr-oguzhan-oguz7-768x776.jpg 768w\" sizes=\"auto, (max-width: 914px) 100vw, 914px\" \/><\/a><\/div><\/div><h3 class=\"wps-team--member-title wps-team--member-element team-member--link\"><a href=\"https:\/\/www.facesurgerist.com\/goz-kapagi\/konusmaci\/oguzhan-oguz\/\" class=\"wpspeedo-team--url\">O\u011fuzhan O\u011fuz<\/a><\/h3><h4 class=\"wps-team--member-desig wps-team--member-element\">Op. Dr.<\/h4><div class=\"wps-team--divider-wrapper wps-team--member-element\"><div class=\"wps-team--divider\"><\/div><\/div><div class=\"wps-team--member-s-links wps-team--member-element\">\n\t\t\t<ul class=\"wps--social-links wps-si--shape-circle wps-si--b-bg-color wps-si--b-bg-color--hover wps-si--b-br-color wps-si--b-br-color--hover\">\n\t\t\t\t<li class=\"wps-si--instagram\">\n\t\t\t\t\t<a href=\"https:\/\/www.instagram.com\/dr.oguzhanoguz\/\" aria-label=\"Social Link\" rel=\"nofollow noopener noreferrer\" target=\"_blank\"><i class=\"fab fa-instagram\"><\/i><\/a>\n\t\t\t\t<\/li>\t\t\t<\/ul>\n\n\t\t<\/div>\n                            <\/div>\n                        <\/div>\n                    <\/div>\n\n                    \n                \n                                \n                    <div class=\"wps-col wps-widget--item wps-widget--item-1123\">\n                        <div class=\"wpspeedo-team--single\">\n                            <div class=\"wps-team--single-inner\">\n                                \n                                <div class=\"team-member--thumbnail-wrapper wps-team--member-element\"><div class=\"team-member--thumbnail\"><a href=\"https:\/\/www.facesurgerist.com\/goz-kapagi\/konusmaci\/mehtap-ozkahraman-kirik\/\" class=\"wpspeedo-team--url\" aria-label=\"Read More about Mehtap \u00d6zkahraman K\u0131r\u0131k.\"><img loading=\"lazy\" decoding=\"async\" width=\"610\" height=\"799\" src=\"https:\/\/www.facesurgerist.com\/goz-kapagi\/wp-content\/uploads\/2025\/03\/op-dr-mehtap-ozkahraman-kirik.jpg\" class=\"attachment- size- wp-post-image\" alt=\"Op. Dr. Mehtap \u00d6zkahraman K\u0131r\u0131k\" srcset=\"https:\/\/www.facesurgerist.com\/goz-kapagi\/wp-content\/uploads\/2025\/03\/op-dr-mehtap-ozkahraman-kirik.jpg 610w, https:\/\/www.facesurgerist.com\/goz-kapagi\/wp-content\/uploads\/2025\/03\/op-dr-mehtap-ozkahraman-kirik-229x300.jpg 229w\" sizes=\"auto, (max-width: 610px) 100vw, 610px\" \/><\/a><\/div><\/div><h3 class=\"wps-team--member-title wps-team--member-element team-member--link\"><a href=\"https:\/\/www.facesurgerist.com\/goz-kapagi\/konusmaci\/mehtap-ozkahraman-kirik\/\" class=\"wpspeedo-team--url\">Mehtap \u00d6zkahraman K\u0131r\u0131k<\/a><\/h3><h4 class=\"wps-team--member-desig wps-team--member-element\">Op. Dr.<\/h4><div class=\"wps-team--divider-wrapper wps-team--member-element\"><div class=\"wps-team--divider\"><\/div><\/div><div class=\"wps-team--member-s-links wps-team--member-element\">\n\t\t\t<ul class=\"wps--social-links wps-si--shape-circle wps-si--b-bg-color wps-si--b-bg-color--hover wps-si--b-br-color wps-si--b-br-color--hover\">\n\t\t\t\t<li class=\"wps-si--instagram\">\n\t\t\t\t\t<a href=\"https:\/\/www.instagram.com\/drmehtapozkahramankirik\/\" aria-label=\"Social Link\" rel=\"nofollow noopener noreferrer\" target=\"_blank\"><i class=\"fab fa-instagram\"><\/i><\/a>\n\t\t\t\t<\/li>\t\t\t<\/ul>\n\n\t\t<\/div>\n                            <\/div>\n                        <\/div>\n                    <\/div>\n\n                    \n                        \n            <\/div>\n\n        \n                \n        <div class=\"wps-team--not-found-wrapper\">\n            <div class=\"wps-team--not-found\">No Results Found<\/div>\n        <\/div>\n\n        \n    <\/div>\n\n        \n<\/div>\n\n\n\n<h3 class=\"wp-block-heading\">31 MAYIS 2025 (1. G\u00dcN)<\/h3>\n\n\n\n<figure class=\"wp-block-table is-style-stripes has-medium-font-size\"><table class=\"has-blush-light-purple-gradient-background has-background has-fixed-layout\"><thead><tr><th class=\"has-text-align-center\" data-align=\"center\"><\/th><\/tr><\/thead><tbody><tr><td class=\"has-text-align-center\" data-align=\"center\">Anatomide Go\u0308zden Kac\u0327an ve Kac\u0327mamas\u0131 Gereken Detaylar<\/td><\/tr><tr><td class=\"has-text-align-center\" data-align=\"center\">I\u0307nsizyonlar\u0131n Ameliyat Felsefesindeki ve Hasta Yaklas\u0327\u0131m\u0131ndaki Farklar\u0131<\/td><\/tr><tr><td class=\"has-text-align-center\" data-align=\"center\">Hasta Sec\u0327imi Ve Ameliyat Planlamas\u0131 Nas\u0131l Yap\u0131yorum<\/td><\/tr><tr><td class=\"has-text-align-center\" data-align=\"center\">Cat Eye &#8211; Fox Eye Yapmal\u0131 M\u0131y\u0131z?<\/td><\/tr><tr><td class=\"has-text-align-center\" data-align=\"center\">\u2018\u2019Hering\u2019s Law \u2018\u2019 Bilinmeden Yap\u0131lan Kas\u0327 ve Go\u0308z Is\u0327lemlerinin Hu\u0308sran\u0131..<\/td><\/tr><tr><td class=\"has-text-align-center\" data-align=\"center\">Kantopeksi Ve Kantoplastiler<\/td><\/tr><tr><td class=\"has-text-align-center\" data-align=\"center\">Canl\u0131 Cerrahi X3<\/td><\/tr><tr><td class=\"has-text-align-center\" data-align=\"center\">\u00dcst G\u00f6z Kapa\u011f\u0131 Canl\u0131 Cerrahi\u0307<\/td><\/tr><tr><td class=\"has-text-align-center\" data-align=\"center\">Alt G\u00f6z Kapa\u011f\u0131 Canl\u0131 Cerrahi\u0307 ( Transk\u00fctan\u00f6z Ve Subsilier)<\/td><\/tr><\/tbody><\/table><\/figure>\n\n\n\n<h3 class=\"wp-block-heading\">1 HAZ\u0130RAN 2025 (2. G\u00dcN)<\/h3>\n\n\n\n<figure class=\"wp-block-table is-style-stripes has-medium-font-size\"><table class=\"has-blush-light-purple-gradient-background has-background has-fixed-layout\"><thead><tr><th class=\"has-text-align-center\" data-align=\"center\"><\/th><\/tr><\/thead><tbody><tr><td class=\"has-text-align-center\" data-align=\"center\">Pitozis Cerrahisi<\/td><\/tr><tr><td class=\"has-text-align-center\" data-align=\"center\">Doku Defekti Olan Rekonstr\u00fcksiyon Gerektiren Kapaklar<\/td><\/tr><tr><td class=\"has-text-align-center\" data-align=\"center\">Canl\u0131 Cerrahi X3<\/td><\/tr><tr><td class=\"has-text-align-center\" data-align=\"center\">\u00dcst G\u00f6z Kapa\u011f\u0131 Canl\u0131 Cerrahi<\/td><\/tr><tr><td class=\"has-text-align-center\" data-align=\"center\">Alt G\u00f6z Kapa\u011f\u0131 Canl\u0131 Cerrahi\u0307 (Transk\u00fctan\u00f6z Ve Subsilier)<\/td><\/tr><tr><td class=\"has-text-align-center\" data-align=\"center\">Ka\u015fs\u0131z G\u00f6z Kapa\u011f\u0131 Cerrahisi Ne Anlam \u0130fade Eder?<\/td><\/tr><tr><td class=\"has-text-align-center\" data-align=\"center\">Farkl\u0131 Ka\u015f Kald\u0131rma Y\u00f6ntemleri ve En Do\u011fruyu Se\u00e7im?<\/td><\/tr><tr><td class=\"has-text-align-center\" data-align=\"center\">Botoks Ve Dolgu ile G\u00f6z Kapa\u011f\u0131 Cerrahisi\u00a0B\u00fct\u00fcnselli\u011fi<\/td><\/tr><\/tbody><\/table><\/figure>\n\n\n\n<p><\/p>\n","protected":false},"excerpt":{"rendered":"<p>31 MAYIS 2025 (1. G\u00dcN) Anatomide Go\u0308zden Kac\u0327an ve Kac\u0327mamas\u0131 Gereken Detaylar I\u0307nsizyonlar\u0131n Ameliyat Felsefesindeki ve Hasta Yaklas\u0327\u0131m\u0131ndaki Farklar\u0131 Hasta Sec\u0327imi Ve Ameliyat Planlamas\u0131 Nas\u0131l Yap\u0131yorum Cat Eye &#8211; Fox Eye Yapmal\u0131 M\u0131y\u0131z? \u2018\u2019Hering\u2019s Law \u2018\u2019 Bilinmeden Yap\u0131lan Kas\u0327 ve Go\u0308z Is\u0327lemlerinin Hu\u0308sran\u0131.. Kantopeksi Ve Kantoplastiler Canl\u0131 Cerrahi X3 \u00dcst G\u00f6z Kapa\u011f\u0131 Canl\u0131 Cerrahi\u0307 Alt &hellip; <\/p>\n","protected":false},"author":1,"featured_media":0,"parent":0,"menu_order":0,"comment_status":"closed","ping_status":"closed","template":"","meta":{"footnotes":""},"class_list":["post-64","page","type-page","status-publish","hentry"],"yoast_head":"<!-- This site is optimized with the Yoast SEO plugin v27.2 - https:\/\/yoast.com\/product\/yoast-seo-wordpress\/ -->\n<title>Bilimsel Program | 31 May\u0131s-1 Haziran G\u00f6z Kapa\u011f\u0131 Esteti\u011fi Toplant\u0131s\u0131 - Facesurgerist<\/title>\n<meta name=\"robots\" content=\"index, follow, max-snippet:-1, max-image-preview:large, max-video-preview:-1\" \/>\n<link rel=\"canonical\" href=\"https:\/\/www.facesurgerist.com\/goz-kapagi\/bilimsel-program\/\" \/>\n<meta property=\"og:locale\" content=\"tr_TR\" \/>\n<meta property=\"og:type\" content=\"article\" \/>\n<meta property=\"og:title\" content=\"Bilimsel Program | 31 May\u0131s-1 Haziran G\u00f6z Kapa\u011f\u0131 Esteti\u011fi Toplant\u0131s\u0131 - Facesurgerist\" \/>\n<meta property=\"og:description\" content=\"31 MAYIS 2025 (1. G\u00dcN) Anatomide Go\u0308zden Kac\u0327an ve Kac\u0327mamas\u0131 Gereken Detaylar I\u0307nsizyonlar\u0131n Ameliyat Felsefesindeki ve Hasta Yaklas\u0327\u0131m\u0131ndaki Farklar\u0131 Hasta Sec\u0327imi Ve Ameliyat Planlamas\u0131 Nas\u0131l Yap\u0131yorum Cat Eye &#8211; Fox Eye Yapmal\u0131 M\u0131y\u0131z? \u2018\u2019Hering\u2019s Law \u2018\u2019 Bilinmeden Yap\u0131lan Kas\u0327 ve Go\u0308z Is\u0327lemlerinin Hu\u0308sran\u0131.. Kantopeksi Ve Kantoplastiler Canl\u0131 Cerrahi X3 \u00dcst G\u00f6z Kapa\u011f\u0131 Canl\u0131 Cerrahi\u0307 Alt &hellip;\" \/>\n<meta property=\"og:url\" content=\"https:\/\/www.facesurgerist.com\/goz-kapagi\/bilimsel-program\/\" \/>\n<meta property=\"og:site_name\" content=\"31 May\u0131s-1 Haziran G\u00f6z Kapa\u011f\u0131 Esteti\u011fi Toplant\u0131s\u0131 - Facesurgerist\" \/>\n<meta property=\"article:modified_time\" content=\"2025-03-31T00:01:46+00:00\" \/>\n<meta name=\"twitter:card\" content=\"summary_large_image\" \/>\n<meta name=\"twitter:label1\" content=\"Tahmini okuma s\u00fcresi\" \/>\n\t<meta name=\"twitter:data1\" content=\"1 dakika\" \/>\n<script type=\"application\/ld+json\" class=\"yoast-schema-graph\">{\"@context\":\"https:\/\/schema.org\",\"@graph\":[{\"@type\":\"WebPage\",\"@id\":\"https:\/\/www.facesurgerist.com\/goz-kapagi\/bilimsel-program\/\",\"url\":\"https:\/\/www.facesurgerist.com\/goz-kapagi\/bilimsel-program\/\",\"name\":\"Bilimsel Program | 31 May\u0131s-1 Haziran G\u00f6z Kapa\u011f\u0131 Esteti\u011fi Toplant\u0131s\u0131 - Facesurgerist\",\"isPartOf\":{\"@id\":\"https:\/\/www.facesurgerist.com\/goz-kapagi\/#website\"},\"datePublished\":\"2025-02-18T17:32:43+00:00\",\"dateModified\":\"2025-03-31T00:01:46+00:00\",\"breadcrumb\":{\"@id\":\"https:\/\/www.facesurgerist.com\/goz-kapagi\/bilimsel-program\/#breadcrumb\"},\"inLanguage\":\"tr\",\"potentialAction\":[{\"@type\":\"ReadAction\",\"target\":[\"https:\/\/www.facesurgerist.com\/goz-kapagi\/bilimsel-program\/\"]}]},{\"@type\":\"BreadcrumbList\",\"@id\":\"https:\/\/www.facesurgerist.com\/goz-kapagi\/bilimsel-program\/#breadcrumb\",\"itemListElement\":[{\"@type\":\"ListItem\",\"position\":1,\"name\":\"Anasayfa\",\"item\":\"https:\/\/www.facesurgerist.com\/goz-kapagi\/\"},{\"@type\":\"ListItem\",\"position\":2,\"name\":\"B\u0130L\u0130MSEL PROGRAM\"}]},{\"@type\":\"WebSite\",\"@id\":\"https:\/\/www.facesurgerist.com\/goz-kapagi\/#website\",\"url\":\"https:\/\/www.facesurgerist.com\/goz-kapagi\/\",\"name\":\"Facesurgerist\",\"description\":\"\",\"publisher\":{\"@id\":\"https:\/\/www.facesurgerist.com\/goz-kapagi\/#organization\"},\"potentialAction\":[{\"@type\":\"SearchAction\",\"target\":{\"@type\":\"EntryPoint\",\"urlTemplate\":\"https:\/\/www.facesurgerist.com\/goz-kapagi\/?s={search_term_string}\"},\"query-input\":{\"@type\":\"PropertyValueSpecification\",\"valueRequired\":true,\"valueName\":\"search_term_string\"}}],\"inLanguage\":\"tr\"},{\"@type\":\"Organization\",\"@id\":\"https:\/\/www.facesurgerist.com\/goz-kapagi\/#organization\",\"name\":\"Facesurgerist\",\"url\":\"https:\/\/www.facesurgerist.com\/goz-kapagi\/\",\"logo\":{\"@type\":\"ImageObject\",\"inLanguage\":\"tr\",\"@id\":\"https:\/\/www.facesurgerist.com\/goz-kapagi\/#\/schema\/logo\/image\/\",\"url\":\"https:\/\/www.facesurgerist.com\/goz-kapagi\/wp-content\/uploads\/2025\/02\/facesurgeristlogo1.png\",\"contentUrl\":\"https:\/\/www.facesurgerist.com\/goz-kapagi\/wp-content\/uploads\/2025\/02\/facesurgeristlogo1.png\",\"width\":242,\"height\":80,\"caption\":\"Facesurgerist\"},\"image\":{\"@id\":\"https:\/\/www.facesurgerist.com\/goz-kapagi\/#\/schema\/logo\/image\/\"}}]}<\/script>\n<!-- \/ Yoast SEO plugin. -->","yoast_head_json":{"title":"Bilimsel Program | 31 May\u0131s-1 Haziran G\u00f6z Kapa\u011f\u0131 Esteti\u011fi Toplant\u0131s\u0131 - Facesurgerist","robots":{"index":"index","follow":"follow","max-snippet":"max-snippet:-1","max-image-preview":"max-image-preview:large","max-video-preview":"max-video-preview:-1"},"canonical":"https:\/\/www.facesurgerist.com\/goz-kapagi\/bilimsel-program\/","og_locale":"tr_TR","og_type":"article","og_title":"Bilimsel Program | 31 May\u0131s-1 Haziran G\u00f6z Kapa\u011f\u0131 Esteti\u011fi Toplant\u0131s\u0131 - Facesurgerist","og_description":"31 MAYIS 2025 (1. G\u00dcN) Anatomide Go\u0308zden Kac\u0327an ve Kac\u0327mamas\u0131 Gereken Detaylar I\u0307nsizyonlar\u0131n Ameliyat Felsefesindeki ve Hasta Yaklas\u0327\u0131m\u0131ndaki Farklar\u0131 Hasta Sec\u0327imi Ve Ameliyat Planlamas\u0131 Nas\u0131l Yap\u0131yorum Cat Eye &#8211; Fox Eye Yapmal\u0131 M\u0131y\u0131z? \u2018\u2019Hering\u2019s Law \u2018\u2019 Bilinmeden Yap\u0131lan Kas\u0327 ve Go\u0308z Is\u0327lemlerinin Hu\u0308sran\u0131.. Kantopeksi Ve Kantoplastiler Canl\u0131 Cerrahi X3 \u00dcst G\u00f6z Kapa\u011f\u0131 Canl\u0131 Cerrahi\u0307 Alt &hellip;","og_url":"https:\/\/www.facesurgerist.com\/goz-kapagi\/bilimsel-program\/","og_site_name":"31 May\u0131s-1 Haziran G\u00f6z Kapa\u011f\u0131 Esteti\u011fi Toplant\u0131s\u0131 - Facesurgerist","article_modified_time":"2025-03-31T00:01:46+00:00","twitter_card":"summary_large_image","twitter_misc":{"Tahmini okuma s\u00fcresi":"1 dakika"},"schema":{"@context":"https:\/\/schema.org","@graph":[{"@type":"WebPage","@id":"https:\/\/www.facesurgerist.com\/goz-kapagi\/bilimsel-program\/","url":"https:\/\/www.facesurgerist.com\/goz-kapagi\/bilimsel-program\/","name":"Bilimsel Program | 31 May\u0131s-1 Haziran G\u00f6z Kapa\u011f\u0131 Esteti\u011fi Toplant\u0131s\u0131 - Facesurgerist","isPartOf":{"@id":"https:\/\/www.facesurgerist.com\/goz-kapagi\/#website"},"datePublished":"2025-02-18T17:32:43+00:00","dateModified":"2025-03-31T00:01:46+00:00","breadcrumb":{"@id":"https:\/\/www.facesurgerist.com\/goz-kapagi\/bilimsel-program\/#breadcrumb"},"inLanguage":"tr","potentialAction":[{"@type":"ReadAction","target":["https:\/\/www.facesurgerist.com\/goz-kapagi\/bilimsel-program\/"]}]},{"@type":"BreadcrumbList","@id":"https:\/\/www.facesurgerist.com\/goz-kapagi\/bilimsel-program\/#breadcrumb","itemListElement":[{"@type":"ListItem","position":1,"name":"Anasayfa","item":"https:\/\/www.facesurgerist.com\/goz-kapagi\/"},{"@type":"ListItem","position":2,"name":"B\u0130L\u0130MSEL PROGRAM"}]},{"@type":"WebSite","@id":"https:\/\/www.facesurgerist.com\/goz-kapagi\/#website","url":"https:\/\/www.facesurgerist.com\/goz-kapagi\/","name":"Facesurgerist","description":"","publisher":{"@id":"https:\/\/www.facesurgerist.com\/goz-kapagi\/#organization"},"potentialAction":[{"@type":"SearchAction","target":{"@type":"EntryPoint","urlTemplate":"https:\/\/www.facesurgerist.com\/goz-kapagi\/?s={search_term_string}"},"query-input":{"@type":"PropertyValueSpecification","valueRequired":true,"valueName":"search_term_string"}}],"inLanguage":"tr"},{"@type":"Organization","@id":"https:\/\/www.facesurgerist.com\/goz-kapagi\/#organization","name":"Facesurgerist","url":"https:\/\/www.facesurgerist.com\/goz-kapagi\/","logo":{"@type":"ImageObject","inLanguage":"tr","@id":"https:\/\/www.facesurgerist.com\/goz-kapagi\/#\/schema\/logo\/image\/","url":"https:\/\/www.facesurgerist.com\/goz-kapagi\/wp-content\/uploads\/2025\/02\/facesurgeristlogo1.png","contentUrl":"https:\/\/www.facesurgerist.com\/goz-kapagi\/wp-content\/uploads\/2025\/02\/facesurgeristlogo1.png","width":242,"height":80,"caption":"Facesurgerist"},"image":{"@id":"https:\/\/www.facesurgerist.com\/goz-kapagi\/#\/schema\/logo\/image\/"}}]}},"_links":{"self":[{"href":"https:\/\/www.facesurgerist.com\/goz-kapagi\/wp-json\/wp\/v2\/pages\/64","targetHints":{"allow":["GET"]}}],"collection":[{"href":"https:\/\/www.facesurgerist.com\/goz-kapagi\/wp-json\/wp\/v2\/pages"}],"about":[{"href":"https:\/\/www.facesurgerist.com\/goz-kapagi\/wp-json\/wp\/v2\/types\/page"}],"author":[{"embeddable":true,"href":"https:\/\/www.facesurgerist.com\/goz-kapagi\/wp-json\/wp\/v2\/users\/1"}],"replies":[{"embeddable":true,"href":"https:\/\/www.facesurgerist.com\/goz-kapagi\/wp-json\/wp\/v2\/comments?post=64"}],"version-history":[{"count":40,"href":"https:\/\/www.facesurgerist.com\/goz-kapagi\/wp-json\/wp\/v2\/pages\/64\/revisions"}],"predecessor-version":[{"id":1122,"href":"https:\/\/www.facesurgerist.com\/goz-kapagi\/wp-json\/wp\/v2\/pages\/64\/revisions\/1122"}],"wp:attachment":[{"href":"https:\/\/www.facesurgerist.com\/goz-kapagi\/wp-json\/wp\/v2\/media?parent=64"}],"curies":[{"name":"wp","href":"https:\/\/api.w.org\/{rel}","templated":true}]}}