{"id":35,"date":"2025-02-18T20:20:51","date_gmt":"2025-02-18T17:20:51","guid":{"rendered":"https:\/\/www.facesurgerist.com\/?page_id=35"},"modified":"2025-03-23T09:06:06","modified_gmt":"2025-03-23T06:06:06","slug":"genel-bilgiler","status":"publish","type":"page","link":"https:\/\/www.facesurgerist.com\/goz-kapagi\/genel-bilgiler\/","title":{"rendered":"GENEL B\u0130LG\u0130LER"},"content":{"rendered":"\n<h2 class=\"wp-block-heading\">TOPLANTI TAR\u0130H\u0130<\/h2>\n\n\n\n<p>&#8220;KBB&#8217;de Estetik Bulu\u015fmalar 7&#8221; toplant\u0131s\u0131 <strong>31 May\u0131s &#8211; 1 Haziran 2025<\/strong> tarihlerinde ger\u00e7ekle\u015ftirilecektir.<\/p>\n\n\n\n<h2 class=\"wp-block-heading\">TOPLANTI MERKEZ\u0130<\/h2>\n\n\n\n<p>Toplant\u0131, <strong>Liv Hospital Vadistanbul<\/strong>&#8216;da yap\u0131lacakt\u0131r.<br><\/p>\n\n\n\n<figure class=\"wp-block-image size-full\"><img loading=\"lazy\" decoding=\"async\" width=\"1920\" height=\"1071\" src=\"https:\/\/www.facesurgerist.com\/wp-content\/uploads\/2025\/02\/liv-hospital-vadistanbul.webp\" alt=\"LIV Hospital Vadistanbul\" class=\"wp-image-765\" srcset=\"https:\/\/www.facesurgerist.com\/goz-kapagi\/wp-content\/uploads\/2025\/02\/liv-hospital-vadistanbul.webp 1920w, https:\/\/www.facesurgerist.com\/goz-kapagi\/wp-content\/uploads\/2025\/02\/liv-hospital-vadistanbul-300x167.webp 300w, https:\/\/www.facesurgerist.com\/goz-kapagi\/wp-content\/uploads\/2025\/02\/liv-hospital-vadistanbul-1024x571.webp 1024w, https:\/\/www.facesurgerist.com\/goz-kapagi\/wp-content\/uploads\/2025\/02\/liv-hospital-vadistanbul-768x428.webp 768w, https:\/\/www.facesurgerist.com\/goz-kapagi\/wp-content\/uploads\/2025\/02\/liv-hospital-vadistanbul-1536x857.webp 1536w\" sizes=\"auto, (max-width: 1920px) 100vw, 1920px\" \/><\/figure>\n\n\n\n<h2 class=\"wp-block-heading\">ULA\u015eIM<\/h2>\n\n\n\n<p>Toplant\u0131ya, kat\u0131l\u0131mc\u0131lar kendi ula\u015f\u0131m imkanlar\u0131yla kat\u0131lacak olup toplant\u0131n\u0131n yap\u0131laca\u011f\u0131 merkezin adresi:<br><strong>Ayaza\u011fa Mahallesi, Kemerburgaz Caddesi, Vadistanbul Park Etab\u0131, 7F Blok, Sar\u0131yer\/\u0130stanbul<\/strong> <strong>34396<\/strong><\/p>\n\n\n\n<iframe src=\"https:\/\/www.google.com\/maps\/embed?pb=!1m18!1m12!1m3!1d1460.2379513112855!2d28.985820676879243!3d41.11154893259797!2m3!1f0!2f0!3f0!3m2!1i1024!2i768!4f13.1!3m3!1m2!1s0x14cab5c36876910b%3A0xcd9e1bfea8a7674a!2sLiv%20Hospital%20Vadistanbul!5e0!3m2!1str!2str!4v1740038301433!5m2!1str!2str\" width=\"100%\" height=\"450\" style=\"border:0;\" allowfullscreen=\"\" loading=\"lazy\" referrerpolicy=\"no-referrer-when-downgrade\"><\/iframe>\n\n\n\n<h2 class=\"wp-block-heading\">DAVET MEKTUBU<\/h2>\n\n\n\n<p>Toplant\u0131ya kat\u0131l\u0131m i\u00e7in ba\u011fl\u0131 bulunduklar\u0131 kurumlardan izin almalar\u0131 gereken kat\u0131l\u0131mc\u0131lara talepleri do\u011frultusunda davet mektubu g\u00f6nderilecektir.<\/p>\n\n\n\n<h2 class=\"wp-block-heading\">YAKA KARTI<\/h2>\n\n\n\n<p>T\u00fcm kat\u0131l\u0131mc\u0131lar ve refakat\u00e7ilerin sempozyum merkezi, stant alanlar\u0131 ve sosyal aktivitelere kat\u0131labilmeleri i\u00e7in kendilerine kay\u0131t esnas\u0131nda verilmi\u015f olan yaka kartlar\u0131n\u0131 takmalar\u0131 gerekmektedir.<\/p>\n\n\n\n<h2 class=\"wp-block-heading\">KATILIM BELGES\u0130<\/h2>\n\n\n\n<p>Kat\u0131l\u0131m belgeleri, kay\u0131t yapt\u0131ran t\u00fcm kat\u0131l\u0131mc\u0131lara <strong>31 May\u0131s 2025<\/strong> g\u00fcn\u00fc kay\u0131t masas\u0131ndan verilmeye\u00a0ba\u015flanacakt\u0131r.<\/p>\n\n\n\n<p><\/p>\n","protected":false},"excerpt":{"rendered":"<p>TOPLANTI TAR\u0130H\u0130 &#8220;KBB&#8217;de Estetik Bulu\u015fmalar 7&#8221; toplant\u0131s\u0131 31 May\u0131s &#8211; 1 Haziran 2025 tarihlerinde ger\u00e7ekle\u015ftirilecektir. TOPLANTI MERKEZ\u0130 Toplant\u0131, Liv Hospital Vadistanbul&#8216;da yap\u0131lacakt\u0131r. ULA\u015eIM Toplant\u0131ya, kat\u0131l\u0131mc\u0131lar kendi ula\u015f\u0131m imkanlar\u0131yla kat\u0131lacak olup toplant\u0131n\u0131n yap\u0131laca\u011f\u0131 merkezin adresi:Ayaza\u011fa Mahallesi, Kemerburgaz Caddesi, Vadistanbul Park Etab\u0131, 7F Blok, Sar\u0131yer\/\u0130stanbul 34396 DAVET MEKTUBU Toplant\u0131ya kat\u0131l\u0131m i\u00e7in ba\u011fl\u0131 bulunduklar\u0131 kurumlardan izin almalar\u0131 gereken &hellip; <\/p>\n","protected":false},"author":1,"featured_media":0,"parent":0,"menu_order":0,"comment_status":"closed","ping_status":"closed","template":"","meta":{"footnotes":""},"class_list":["post-35","page","type-page","status-publish","hentry"],"yoast_head":"<!-- This site is optimized with the Yoast SEO plugin v27.2 - https:\/\/yoast.com\/product\/yoast-seo-wordpress\/ -->\n<title>Genel Bilgiler | 31 May\u0131s-1 Haziran G\u00f6z Kapa\u011f\u0131 Esteti\u011fi Toplant\u0131s\u0131 - Facesurgerist<\/title>\n<meta name=\"robots\" content=\"index, follow, max-snippet:-1, max-image-preview:large, max-video-preview:-1\" \/>\n<link rel=\"canonical\" href=\"https:\/\/www.facesurgerist.com\/goz-kapagi\/genel-bilgiler\/\" \/>\n<meta property=\"og:locale\" content=\"tr_TR\" \/>\n<meta property=\"og:type\" content=\"article\" \/>\n<meta property=\"og:title\" content=\"Genel Bilgiler | 31 May\u0131s-1 Haziran G\u00f6z Kapa\u011f\u0131 Esteti\u011fi Toplant\u0131s\u0131 - Facesurgerist\" \/>\n<meta property=\"og:description\" content=\"TOPLANTI TAR\u0130H\u0130 &#8220;KBB&#8217;de Estetik Bulu\u015fmalar 7&#8221; toplant\u0131s\u0131 31 May\u0131s &#8211; 1 Haziran 2025 tarihlerinde ger\u00e7ekle\u015ftirilecektir. TOPLANTI MERKEZ\u0130 Toplant\u0131, Liv Hospital Vadistanbul&#8216;da yap\u0131lacakt\u0131r. ULA\u015eIM Toplant\u0131ya, kat\u0131l\u0131mc\u0131lar kendi ula\u015f\u0131m imkanlar\u0131yla kat\u0131lacak olup toplant\u0131n\u0131n yap\u0131laca\u011f\u0131 merkezin adresi:Ayaza\u011fa Mahallesi, Kemerburgaz Caddesi, Vadistanbul Park Etab\u0131, 7F Blok, Sar\u0131yer\/\u0130stanbul 34396 DAVET MEKTUBU Toplant\u0131ya kat\u0131l\u0131m i\u00e7in ba\u011fl\u0131 bulunduklar\u0131 kurumlardan izin almalar\u0131 gereken &hellip;\" \/>\n<meta property=\"og:url\" content=\"https:\/\/www.facesurgerist.com\/goz-kapagi\/genel-bilgiler\/\" \/>\n<meta property=\"og:site_name\" content=\"31 May\u0131s-1 Haziran G\u00f6z Kapa\u011f\u0131 Esteti\u011fi Toplant\u0131s\u0131 - Facesurgerist\" \/>\n<meta property=\"article:modified_time\" content=\"2025-03-23T06:06:06+00:00\" \/>\n<meta property=\"og:image\" content=\"https:\/\/www.facesurgerist.com\/wp-content\/uploads\/2025\/02\/liv-hospital-vadistanbul.webp\" \/>\n<meta name=\"twitter:card\" content=\"summary_large_image\" \/>\n<meta name=\"twitter:label1\" content=\"Tahmini okuma s\u00fcresi\" \/>\n\t<meta name=\"twitter:data1\" content=\"1 dakika\" \/>\n<script type=\"application\/ld+json\" class=\"yoast-schema-graph\">{\"@context\":\"https:\/\/schema.org\",\"@graph\":[{\"@type\":\"WebPage\",\"@id\":\"https:\/\/www.facesurgerist.com\/goz-kapagi\/genel-bilgiler\/\",\"url\":\"https:\/\/www.facesurgerist.com\/goz-kapagi\/genel-bilgiler\/\",\"name\":\"Genel Bilgiler | 31 May\u0131s-1 Haziran G\u00f6z Kapa\u011f\u0131 Esteti\u011fi Toplant\u0131s\u0131 - Facesurgerist\",\"isPartOf\":{\"@id\":\"https:\/\/www.facesurgerist.com\/goz-kapagi\/#website\"},\"primaryImageOfPage\":{\"@id\":\"https:\/\/www.facesurgerist.com\/goz-kapagi\/genel-bilgiler\/#primaryimage\"},\"image\":{\"@id\":\"https:\/\/www.facesurgerist.com\/goz-kapagi\/genel-bilgiler\/#primaryimage\"},\"thumbnailUrl\":\"https:\/\/www.facesurgerist.com\/wp-content\/uploads\/2025\/02\/liv-hospital-vadistanbul.webp\",\"datePublished\":\"2025-02-18T17:20:51+00:00\",\"dateModified\":\"2025-03-23T06:06:06+00:00\",\"breadcrumb\":{\"@id\":\"https:\/\/www.facesurgerist.com\/goz-kapagi\/genel-bilgiler\/#breadcrumb\"},\"inLanguage\":\"tr\",\"potentialAction\":[{\"@type\":\"ReadAction\",\"target\":[\"https:\/\/www.facesurgerist.com\/goz-kapagi\/genel-bilgiler\/\"]}]},{\"@type\":\"ImageObject\",\"inLanguage\":\"tr\",\"@id\":\"https:\/\/www.facesurgerist.com\/goz-kapagi\/genel-bilgiler\/#primaryimage\",\"url\":\"https:\/\/www.facesurgerist.com\/wp-content\/uploads\/2025\/02\/liv-hospital-vadistanbul.webp\",\"contentUrl\":\"https:\/\/www.facesurgerist.com\/wp-content\/uploads\/2025\/02\/liv-hospital-vadistanbul.webp\"},{\"@type\":\"BreadcrumbList\",\"@id\":\"https:\/\/www.facesurgerist.com\/goz-kapagi\/genel-bilgiler\/#breadcrumb\",\"itemListElement\":[{\"@type\":\"ListItem\",\"position\":1,\"name\":\"Anasayfa\",\"item\":\"https:\/\/www.facesurgerist.com\/goz-kapagi\/\"},{\"@type\":\"ListItem\",\"position\":2,\"name\":\"GENEL B\u0130LG\u0130LER\"}]},{\"@type\":\"WebSite\",\"@id\":\"https:\/\/www.facesurgerist.com\/goz-kapagi\/#website\",\"url\":\"https:\/\/www.facesurgerist.com\/goz-kapagi\/\",\"name\":\"Facesurgerist\",\"description\":\"\",\"publisher\":{\"@id\":\"https:\/\/www.facesurgerist.com\/goz-kapagi\/#organization\"},\"potentialAction\":[{\"@type\":\"SearchAction\",\"target\":{\"@type\":\"EntryPoint\",\"urlTemplate\":\"https:\/\/www.facesurgerist.com\/goz-kapagi\/?s={search_term_string}\"},\"query-input\":{\"@type\":\"PropertyValueSpecification\",\"valueRequired\":true,\"valueName\":\"search_term_string\"}}],\"inLanguage\":\"tr\"},{\"@type\":\"Organization\",\"@id\":\"https:\/\/www.facesurgerist.com\/goz-kapagi\/#organization\",\"name\":\"Facesurgerist\",\"url\":\"https:\/\/www.facesurgerist.com\/goz-kapagi\/\",\"logo\":{\"@type\":\"ImageObject\",\"inLanguage\":\"tr\",\"@id\":\"https:\/\/www.facesurgerist.com\/goz-kapagi\/#\/schema\/logo\/image\/\",\"url\":\"https:\/\/www.facesurgerist.com\/goz-kapagi\/wp-content\/uploads\/2025\/02\/facesurgeristlogo1.png\",\"contentUrl\":\"https:\/\/www.facesurgerist.com\/goz-kapagi\/wp-content\/uploads\/2025\/02\/facesurgeristlogo1.png\",\"width\":242,\"height\":80,\"caption\":\"Facesurgerist\"},\"image\":{\"@id\":\"https:\/\/www.facesurgerist.com\/goz-kapagi\/#\/schema\/logo\/image\/\"}}]}<\/script>\n<!-- \/ Yoast SEO plugin. -->","yoast_head_json":{"title":"Genel Bilgiler | 31 May\u0131s-1 Haziran G\u00f6z Kapa\u011f\u0131 Esteti\u011fi Toplant\u0131s\u0131 - Facesurgerist","robots":{"index":"index","follow":"follow","max-snippet":"max-snippet:-1","max-image-preview":"max-image-preview:large","max-video-preview":"max-video-preview:-1"},"canonical":"https:\/\/www.facesurgerist.com\/goz-kapagi\/genel-bilgiler\/","og_locale":"tr_TR","og_type":"article","og_title":"Genel Bilgiler | 31 May\u0131s-1 Haziran G\u00f6z Kapa\u011f\u0131 Esteti\u011fi Toplant\u0131s\u0131 - Facesurgerist","og_description":"TOPLANTI TAR\u0130H\u0130 &#8220;KBB&#8217;de Estetik Bulu\u015fmalar 7&#8221; toplant\u0131s\u0131 31 May\u0131s &#8211; 1 Haziran 2025 tarihlerinde ger\u00e7ekle\u015ftirilecektir. TOPLANTI MERKEZ\u0130 Toplant\u0131, Liv Hospital Vadistanbul&#8216;da yap\u0131lacakt\u0131r. ULA\u015eIM Toplant\u0131ya, kat\u0131l\u0131mc\u0131lar kendi ula\u015f\u0131m imkanlar\u0131yla kat\u0131lacak olup toplant\u0131n\u0131n yap\u0131laca\u011f\u0131 merkezin adresi:Ayaza\u011fa Mahallesi, Kemerburgaz Caddesi, Vadistanbul Park Etab\u0131, 7F Blok, Sar\u0131yer\/\u0130stanbul 34396 DAVET MEKTUBU Toplant\u0131ya kat\u0131l\u0131m i\u00e7in ba\u011fl\u0131 bulunduklar\u0131 kurumlardan izin almalar\u0131 gereken &hellip;","og_url":"https:\/\/www.facesurgerist.com\/goz-kapagi\/genel-bilgiler\/","og_site_name":"31 May\u0131s-1 Haziran G\u00f6z Kapa\u011f\u0131 Esteti\u011fi Toplant\u0131s\u0131 - Facesurgerist","article_modified_time":"2025-03-23T06:06:06+00:00","og_image":[{"url":"https:\/\/www.facesurgerist.com\/wp-content\/uploads\/2025\/02\/liv-hospital-vadistanbul.webp","type":"","width":"","height":""}],"twitter_card":"summary_large_image","twitter_misc":{"Tahmini okuma s\u00fcresi":"1 dakika"},"schema":{"@context":"https:\/\/schema.org","@graph":[{"@type":"WebPage","@id":"https:\/\/www.facesurgerist.com\/goz-kapagi\/genel-bilgiler\/","url":"https:\/\/www.facesurgerist.com\/goz-kapagi\/genel-bilgiler\/","name":"Genel Bilgiler | 31 May\u0131s-1 Haziran G\u00f6z Kapa\u011f\u0131 Esteti\u011fi Toplant\u0131s\u0131 - Facesurgerist","isPartOf":{"@id":"https:\/\/www.facesurgerist.com\/goz-kapagi\/#website"},"primaryImageOfPage":{"@id":"https:\/\/www.facesurgerist.com\/goz-kapagi\/genel-bilgiler\/#primaryimage"},"image":{"@id":"https:\/\/www.facesurgerist.com\/goz-kapagi\/genel-bilgiler\/#primaryimage"},"thumbnailUrl":"https:\/\/www.facesurgerist.com\/wp-content\/uploads\/2025\/02\/liv-hospital-vadistanbul.webp","datePublished":"2025-02-18T17:20:51+00:00","dateModified":"2025-03-23T06:06:06+00:00","breadcrumb":{"@id":"https:\/\/www.facesurgerist.com\/goz-kapagi\/genel-bilgiler\/#breadcrumb"},"inLanguage":"tr","potentialAction":[{"@type":"ReadAction","target":["https:\/\/www.facesurgerist.com\/goz-kapagi\/genel-bilgiler\/"]}]},{"@type":"ImageObject","inLanguage":"tr","@id":"https:\/\/www.facesurgerist.com\/goz-kapagi\/genel-bilgiler\/#primaryimage","url":"https:\/\/www.facesurgerist.com\/wp-content\/uploads\/2025\/02\/liv-hospital-vadistanbul.webp","contentUrl":"https:\/\/www.facesurgerist.com\/wp-content\/uploads\/2025\/02\/liv-hospital-vadistanbul.webp"},{"@type":"BreadcrumbList","@id":"https:\/\/www.facesurgerist.com\/goz-kapagi\/genel-bilgiler\/#breadcrumb","itemListElement":[{"@type":"ListItem","position":1,"name":"Anasayfa","item":"https:\/\/www.facesurgerist.com\/goz-kapagi\/"},{"@type":"ListItem","position":2,"name":"GENEL B\u0130LG\u0130LER"}]},{"@type":"WebSite","@id":"https:\/\/www.facesurgerist.com\/goz-kapagi\/#website","url":"https:\/\/www.facesurgerist.com\/goz-kapagi\/","name":"Facesurgerist","description":"","publisher":{"@id":"https:\/\/www.facesurgerist.com\/goz-kapagi\/#organization"},"potentialAction":[{"@type":"SearchAction","target":{"@type":"EntryPoint","urlTemplate":"https:\/\/www.facesurgerist.com\/goz-kapagi\/?s={search_term_string}"},"query-input":{"@type":"PropertyValueSpecification","valueRequired":true,"valueName":"search_term_string"}}],"inLanguage":"tr"},{"@type":"Organization","@id":"https:\/\/www.facesurgerist.com\/goz-kapagi\/#organization","name":"Facesurgerist","url":"https:\/\/www.facesurgerist.com\/goz-kapagi\/","logo":{"@type":"ImageObject","inLanguage":"tr","@id":"https:\/\/www.facesurgerist.com\/goz-kapagi\/#\/schema\/logo\/image\/","url":"https:\/\/www.facesurgerist.com\/goz-kapagi\/wp-content\/uploads\/2025\/02\/facesurgeristlogo1.png","contentUrl":"https:\/\/www.facesurgerist.com\/goz-kapagi\/wp-content\/uploads\/2025\/02\/facesurgeristlogo1.png","width":242,"height":80,"caption":"Facesurgerist"},"image":{"@id":"https:\/\/www.facesurgerist.com\/goz-kapagi\/#\/schema\/logo\/image\/"}}]}},"_links":{"self":[{"href":"https:\/\/www.facesurgerist.com\/goz-kapagi\/wp-json\/wp\/v2\/pages\/35","targetHints":{"allow":["GET"]}}],"collection":[{"href":"https:\/\/www.facesurgerist.com\/goz-kapagi\/wp-json\/wp\/v2\/pages"}],"about":[{"href":"https:\/\/www.facesurgerist.com\/goz-kapagi\/wp-json\/wp\/v2\/types\/page"}],"author":[{"embeddable":true,"href":"https:\/\/www.facesurgerist.com\/goz-kapagi\/wp-json\/wp\/v2\/users\/1"}],"replies":[{"embeddable":true,"href":"https:\/\/www.facesurgerist.com\/goz-kapagi\/wp-json\/wp\/v2\/comments?post=35"}],"version-history":[{"count":12,"href":"https:\/\/www.facesurgerist.com\/goz-kapagi\/wp-json\/wp\/v2\/pages\/35\/revisions"}],"predecessor-version":[{"id":1112,"href":"https:\/\/www.facesurgerist.com\/goz-kapagi\/wp-json\/wp\/v2\/pages\/35\/revisions\/1112"}],"wp:attachment":[{"href":"https:\/\/www.facesurgerist.com\/goz-kapagi\/wp-json\/wp\/v2\/media?parent=35"}],"curies":[{"name":"wp","href":"https:\/\/api.w.org\/{rel}","templated":true}]}}