{"id":16,"date":"2025-02-18T20:14:12","date_gmt":"2025-02-18T17:14:12","guid":{"rendered":"https:\/\/www.facesurgerist.com\/?page_id=16"},"modified":"2025-05-06T03:30:44","modified_gmt":"2025-05-06T00:30:44","slug":"ana-sayfa","status":"publish","type":"page","link":"https:\/\/www.facesurgerist.com\/goz-kapagi\/","title":{"rendered":"ANA SAYFA"},"content":{"rendered":"\n<p>Sitenize ho\u015f geldiniz! Buras\u0131 sizin giri\u015f sayfan\u0131zd\u0131r. Ziyaret\u00e7ilerinizin \u00e7o\u011fu sitenize geldi\u011finde ilk olarak bu sayfay\u0131 g\u00f6r\u00fcr.<\/p>\n","protected":false},"excerpt":{"rendered":"<p>Sitenize ho\u015f geldiniz! Buras\u0131 sizin giri\u015f sayfan\u0131zd\u0131r. Ziyaret\u00e7ilerinizin \u00e7o\u011fu sitenize geldi\u011finde ilk olarak bu sayfay\u0131 g\u00f6r\u00fcr.<\/p>\n","protected":false},"author":1,"featured_media":0,"parent":0,"menu_order":0,"comment_status":"closed","ping_status":"closed","template":"","meta":{"footnotes":""},"class_list":["post-16","page","type-page","status-publish","hentry"],"yoast_head":"<!-- This site is optimized with the Yoast SEO plugin v27.2 - https:\/\/yoast.com\/product\/yoast-seo-wordpress\/ -->\n<title>31 May\u0131s-1 Haziran G\u00f6z Kapa\u011f\u0131 Esteti\u011fi Toplant\u0131s\u0131 - Facesurgerist<\/title>\n<meta name=\"robots\" content=\"index, follow, max-snippet:-1, max-image-preview:large, max-video-preview:-1\" \/>\n<link rel=\"canonical\" href=\"https:\/\/www.facesurgerist.com\/goz-kapagi\/\" \/>\n<meta property=\"og:locale\" content=\"tr_TR\" \/>\n<meta property=\"og:type\" content=\"article\" \/>\n<meta property=\"og:title\" content=\"31 May\u0131s-1 Haziran G\u00f6z Kapa\u011f\u0131 Esteti\u011fi Toplant\u0131s\u0131 - Facesurgerist\" \/>\n<meta property=\"og:description\" content=\"Sitenize ho\u015f geldiniz! Buras\u0131 sizin giri\u015f sayfan\u0131zd\u0131r. Ziyaret\u00e7ilerinizin \u00e7o\u011fu sitenize geldi\u011finde ilk olarak bu sayfay\u0131 g\u00f6r\u00fcr.\" \/>\n<meta property=\"og:url\" content=\"https:\/\/www.facesurgerist.com\/goz-kapagi\/\" \/>\n<meta property=\"og:site_name\" content=\"31 May\u0131s-1 Haziran G\u00f6z Kapa\u011f\u0131 Esteti\u011fi Toplant\u0131s\u0131 - Facesurgerist\" \/>\n<meta property=\"article:modified_time\" content=\"2025-05-06T00:30:44+00:00\" \/>\n<meta name=\"twitter:card\" content=\"summary_large_image\" \/>\n<script type=\"application\/ld+json\" class=\"yoast-schema-graph\">{\"@context\":\"https:\/\/schema.org\",\"@graph\":[{\"@type\":\"WebPage\",\"@id\":\"https:\/\/www.facesurgerist.com\/goz-kapagi\/\",\"url\":\"https:\/\/www.facesurgerist.com\/goz-kapagi\/\",\"name\":\"31 May\u0131s-1 Haziran G\u00f6z Kapa\u011f\u0131 Esteti\u011fi Toplant\u0131s\u0131 - Facesurgerist\",\"isPartOf\":{\"@id\":\"https:\/\/www.facesurgerist.com\/goz-kapagi\/#website\"},\"datePublished\":\"2025-02-18T17:14:12+00:00\",\"dateModified\":\"2025-05-06T00:30:44+00:00\",\"breadcrumb\":{\"@id\":\"https:\/\/www.facesurgerist.com\/goz-kapagi\/#breadcrumb\"},\"inLanguage\":\"tr\",\"potentialAction\":[{\"@type\":\"ReadAction\",\"target\":[\"https:\/\/www.facesurgerist.com\/goz-kapagi\/\"]}]},{\"@type\":\"BreadcrumbList\",\"@id\":\"https:\/\/www.facesurgerist.com\/goz-kapagi\/#breadcrumb\",\"itemListElement\":[{\"@type\":\"ListItem\",\"position\":1,\"name\":\"Anasayfa\",\"item\":\"https:\/\/www.facesurgerist.com\/goz-kapagi\/\"},{\"@type\":\"ListItem\",\"position\":2,\"name\":\"ANA SAYFA\"}]},{\"@type\":\"WebSite\",\"@id\":\"https:\/\/www.facesurgerist.com\/goz-kapagi\/#website\",\"url\":\"https:\/\/www.facesurgerist.com\/goz-kapagi\/\",\"name\":\"Facesurgerist\",\"description\":\"\",\"publisher\":{\"@id\":\"https:\/\/www.facesurgerist.com\/goz-kapagi\/#organization\"},\"potentialAction\":[{\"@type\":\"SearchAction\",\"target\":{\"@type\":\"EntryPoint\",\"urlTemplate\":\"https:\/\/www.facesurgerist.com\/goz-kapagi\/?s={search_term_string}\"},\"query-input\":{\"@type\":\"PropertyValueSpecification\",\"valueRequired\":true,\"valueName\":\"search_term_string\"}}],\"inLanguage\":\"tr\"},{\"@type\":\"Organization\",\"@id\":\"https:\/\/www.facesurgerist.com\/goz-kapagi\/#organization\",\"name\":\"Facesurgerist\",\"url\":\"https:\/\/www.facesurgerist.com\/goz-kapagi\/\",\"logo\":{\"@type\":\"ImageObject\",\"inLanguage\":\"tr\",\"@id\":\"https:\/\/www.facesurgerist.com\/goz-kapagi\/#\/schema\/logo\/image\/\",\"url\":\"https:\/\/www.facesurgerist.com\/goz-kapagi\/wp-content\/uploads\/2025\/02\/facesurgeristlogo1.png\",\"contentUrl\":\"https:\/\/www.facesurgerist.com\/goz-kapagi\/wp-content\/uploads\/2025\/02\/facesurgeristlogo1.png\",\"width\":242,\"height\":80,\"caption\":\"Facesurgerist\"},\"image\":{\"@id\":\"https:\/\/www.facesurgerist.com\/goz-kapagi\/#\/schema\/logo\/image\/\"}}]}<\/script>\n<!-- \/ Yoast SEO plugin. -->","yoast_head_json":{"title":"31 May\u0131s-1 Haziran G\u00f6z Kapa\u011f\u0131 Esteti\u011fi Toplant\u0131s\u0131 - Facesurgerist","robots":{"index":"index","follow":"follow","max-snippet":"max-snippet:-1","max-image-preview":"max-image-preview:large","max-video-preview":"max-video-preview:-1"},"canonical":"https:\/\/www.facesurgerist.com\/goz-kapagi\/","og_locale":"tr_TR","og_type":"article","og_title":"31 May\u0131s-1 Haziran G\u00f6z Kapa\u011f\u0131 Esteti\u011fi Toplant\u0131s\u0131 - Facesurgerist","og_description":"Sitenize ho\u015f geldiniz! Buras\u0131 sizin giri\u015f sayfan\u0131zd\u0131r. Ziyaret\u00e7ilerinizin \u00e7o\u011fu sitenize geldi\u011finde ilk olarak bu sayfay\u0131 g\u00f6r\u00fcr.","og_url":"https:\/\/www.facesurgerist.com\/goz-kapagi\/","og_site_name":"31 May\u0131s-1 Haziran G\u00f6z Kapa\u011f\u0131 Esteti\u011fi Toplant\u0131s\u0131 - Facesurgerist","article_modified_time":"2025-05-06T00:30:44+00:00","twitter_card":"summary_large_image","schema":{"@context":"https:\/\/schema.org","@graph":[{"@type":"WebPage","@id":"https:\/\/www.facesurgerist.com\/goz-kapagi\/","url":"https:\/\/www.facesurgerist.com\/goz-kapagi\/","name":"31 May\u0131s-1 Haziran G\u00f6z Kapa\u011f\u0131 Esteti\u011fi Toplant\u0131s\u0131 - Facesurgerist","isPartOf":{"@id":"https:\/\/www.facesurgerist.com\/goz-kapagi\/#website"},"datePublished":"2025-02-18T17:14:12+00:00","dateModified":"2025-05-06T00:30:44+00:00","breadcrumb":{"@id":"https:\/\/www.facesurgerist.com\/goz-kapagi\/#breadcrumb"},"inLanguage":"tr","potentialAction":[{"@type":"ReadAction","target":["https:\/\/www.facesurgerist.com\/goz-kapagi\/"]}]},{"@type":"BreadcrumbList","@id":"https:\/\/www.facesurgerist.com\/goz-kapagi\/#breadcrumb","itemListElement":[{"@type":"ListItem","position":1,"name":"Anasayfa","item":"https:\/\/www.facesurgerist.com\/goz-kapagi\/"},{"@type":"ListItem","position":2,"name":"ANA SAYFA"}]},{"@type":"WebSite","@id":"https:\/\/www.facesurgerist.com\/goz-kapagi\/#website","url":"https:\/\/www.facesurgerist.com\/goz-kapagi\/","name":"Facesurgerist","description":"","publisher":{"@id":"https:\/\/www.facesurgerist.com\/goz-kapagi\/#organization"},"potentialAction":[{"@type":"SearchAction","target":{"@type":"EntryPoint","urlTemplate":"https:\/\/www.facesurgerist.com\/goz-kapagi\/?s={search_term_string}"},"query-input":{"@type":"PropertyValueSpecification","valueRequired":true,"valueName":"search_term_string"}}],"inLanguage":"tr"},{"@type":"Organization","@id":"https:\/\/www.facesurgerist.com\/goz-kapagi\/#organization","name":"Facesurgerist","url":"https:\/\/www.facesurgerist.com\/goz-kapagi\/","logo":{"@type":"ImageObject","inLanguage":"tr","@id":"https:\/\/www.facesurgerist.com\/goz-kapagi\/#\/schema\/logo\/image\/","url":"https:\/\/www.facesurgerist.com\/goz-kapagi\/wp-content\/uploads\/2025\/02\/facesurgeristlogo1.png","contentUrl":"https:\/\/www.facesurgerist.com\/goz-kapagi\/wp-content\/uploads\/2025\/02\/facesurgeristlogo1.png","width":242,"height":80,"caption":"Facesurgerist"},"image":{"@id":"https:\/\/www.facesurgerist.com\/goz-kapagi\/#\/schema\/logo\/image\/"}}]}},"_links":{"self":[{"href":"https:\/\/www.facesurgerist.com\/goz-kapagi\/wp-json\/wp\/v2\/pages\/16","targetHints":{"allow":["GET"]}}],"collection":[{"href":"https:\/\/www.facesurgerist.com\/goz-kapagi\/wp-json\/wp\/v2\/pages"}],"about":[{"href":"https:\/\/www.facesurgerist.com\/goz-kapagi\/wp-json\/wp\/v2\/types\/page"}],"author":[{"embeddable":true,"href":"https:\/\/www.facesurgerist.com\/goz-kapagi\/wp-json\/wp\/v2\/users\/1"}],"replies":[{"embeddable":true,"href":"https:\/\/www.facesurgerist.com\/goz-kapagi\/wp-json\/wp\/v2\/comments?post=16"}],"version-history":[{"count":3,"href":"https:\/\/www.facesurgerist.com\/goz-kapagi\/wp-json\/wp\/v2\/pages\/16\/revisions"}],"predecessor-version":[{"id":747,"href":"https:\/\/www.facesurgerist.com\/goz-kapagi\/wp-json\/wp\/v2\/pages\/16\/revisions\/747"}],"wp:attachment":[{"href":"https:\/\/www.facesurgerist.com\/goz-kapagi\/wp-json\/wp\/v2\/media?parent=16"}],"curies":[{"name":"wp","href":"https:\/\/api.w.org\/{rel}","templated":true}]}}